{"id":3896,"date":"2025-09-16T13:48:08","date_gmt":"2025-09-16T13:48:08","guid":{"rendered":"https:\/\/helvetios.com\/?page_id=3896"},"modified":"2026-04-16T13:05:08","modified_gmt":"2026-04-16T13:05:08","slug":"condiciones-de-servicio-helvetios","status":"publish","type":"page","link":"https:\/\/helvetios.com\/es\/terms-of-service-helvetios\/","title":{"rendered":"Condiciones de servicio | Helvetios"},"content":{"rendered":"<p><strong>Condiciones de servicio de Helvetios <\/strong><\/p>\n\n\n\n<p><strong>Fecha de entrada en vigor:<\/strong> 16.09.2025&nbsp;<\/p>\n\n\n\n<p>Bienvenido a <strong>helvetios.com<\/strong>. \u00a0<\/p>\n\n\n\n<p>Estas Condiciones del servicio (\u201cCondiciones\u201d) explican c\u00f3mo puede utilizar nuestro sitio web y nuestros servicios. <\/p>\n\n\n\n<p>Son sencillas y directas, para que sepa exactamente lo que le espera. &nbsp;<\/p>\n\n\n\n<p>Al utilizar nuestro sitio web o trabajar con nosotros, usted acepta estas Condiciones.&nbsp;<\/p>\n\n\n\n<p><strong>1. Qu\u00e9 hacemos<\/strong>&nbsp;<\/p>\n\n\n\n<p>Helvetios ofrece servicios de consultor\u00eda y apoyo para la creaci\u00f3n de empresas, asistencia bancaria y necesidades de asesoramiento relacionadas.&nbsp;<\/p>\n\n\n\n<p>Nota: aunque proporcionamos orientaci\u00f3n y apoyo, somos <strong>no es un bufete de abogados, una empresa de contabilidad o una autoridad fiscal<\/strong>. Toda la informaci\u00f3n contenida en nuestro sitio web es de car\u00e1cter general y no debe sustituir al asesoramiento jur\u00eddico, fiscal o financiero profesional.&nbsp;<\/p>\n\n\n\n<p><strong>2. Qui\u00e9n puede utilizar nuestros servicios<\/strong>&nbsp;<\/p>\n\n\n\n<p>Para utilizar nuestros servicios, debe:&nbsp;<\/p>\n\n\n\n<ul class=\"wp-block-list\">\n<li>Tener al menos 18 a\u00f1os.&nbsp;<\/li>\n<\/ul>\n\n\n\n<ul class=\"wp-block-list\">\n<li>Estar legalmente autorizado para celebrar un acuerdo.&nbsp;<\/li>\n<\/ul>\n\n\n\n<p><strong>3. Uso de nuestro sitio web y nuestros servicios<\/strong>&nbsp;<\/p>\n\n\n\n<p>Le pedimos que utilice nuestro sitio web y nuestros servicios de forma responsable. Por favor, no lo haga:&nbsp;<\/p>\n\n\n\n<ul class=\"wp-block-list\">\n<li>Compartir informaci\u00f3n falsa o enga\u00f1osa.&nbsp;<\/li>\n<\/ul>\n\n\n\n<ul class=\"wp-block-list\">\n<li>Intentar perturbar el sitio web o hacer un uso indebido de nuestros servicios.&nbsp;<\/li>\n<\/ul>\n\n\n\n<ul class=\"wp-block-list\">\n<li>Copiar o reutilizar nuestros contenidos sin autorizaci\u00f3n.&nbsp;<\/li>\n<\/ul>\n\n\n\n<p><strong>4. Pagos<\/strong>&nbsp;<\/p>\n\n\n\n<p>Al contratar nuestros servicios, usted se compromete a pagar las tarifas indicadas en el momento del pedido. Los pagos se gestionan de forma segura a trav\u00e9s de proveedores externos de confianza.&nbsp;<\/p>\n\n\n\n<p>Salvo que indiquemos lo contrario por escrito, todos los pagos son no reembolsables.&nbsp;<\/p>\n\n\n\n<p><strong>5. Trabajar con terceros<\/strong>&nbsp;<\/p>\n\n\n\n<p>A veces trabajamos con socios de confianza, como procesadores de pagos o proveedores de servicios bancarios. Aunque los elegimos cuidadosamente, operan bajo sus propios t\u00e9rminos y pol\u00edticas. No somos responsables de sus acciones, pero siempre te indicaremos sus condiciones cuando sea necesario.&nbsp;<\/p>\n\n\n\n<p><strong>6. Nuestro contenido<\/strong>&nbsp;<\/p>\n\n\n\n<p>Todo lo que ve en Helvetios.eu -texto, im\u00e1genes, dise\u00f1o- nos pertenece (o se utiliza con permiso). Por favor, no lo copies o distribuyas sin pedir permiso primero.&nbsp;<\/p>\n\n\n\n<p><strong>7. Limitar nuestra responsabilidad<\/strong>&nbsp;<\/p>\n\n\n\n<p>Trabajamos duro para proporcionar servicios precisos y fiables, pero no podemos garantizar resultados espec\u00edficos. Helvetios no es responsable de:&nbsp;<\/p>\n\n\n\n<ul class=\"wp-block-list\">\n<li>P\u00e9rdidas o da\u00f1os que se produzcan por utilizar nuestro sitio web o nuestros servicios.&nbsp;<\/li>\n<\/ul>\n\n\n\n<ul class=\"wp-block-list\">\n<li>Retrasos o cambios causados por terceros, autoridades gubernamentales o nuevas normativas.&nbsp;<\/li>\n<\/ul>\n\n\n\n<p><strong>8. Finalizaci\u00f3n de nuestros servicios<\/strong>&nbsp;<\/p>\n\n\n\n<p>Podemos suspender o dejar de prestar servicios si hace un mal uso de ellos o incumple estas Condiciones. Eres libre de dejar de usar nuestros servicios en cualquier momento.&nbsp;<\/p>\n\n\n\n<p><strong>9. Derecho aplicable<\/strong>&nbsp;<\/p>\n\n\n\n<p>Estas Condiciones se rigen por la legislaci\u00f3n de Hong Kong. <\/p>\n\n\n\n<p>Si alguna vez hay un litigio, se resolver\u00e1 en los tribunales de esa localidad.&nbsp;<\/p>\n\n\n\n<p><strong>10. Actualizaciones de estas Condiciones<\/strong>&nbsp;<\/p>\n\n\n\n<p>De vez en cuando, podemos actualizar estas Condiciones. Si realizamos cambios, publicaremos aqu\u00ed la versi\u00f3n actualizada con una nueva \u201cFecha de entrada en vigor\u201d. Si contin\u00faa utilizando nuestro sitio web o nuestros servicios, significa que acepta las nuevas Condiciones.&nbsp;<\/p>\n\n\n\n<p><strong>11. Contacto<\/strong>&nbsp;<\/p>\n\n\n\n<p>Si tiene alguna pregunta sobre estas Condiciones, p\u00f3ngase en contacto con nosotros:&nbsp;<\/p>\n\n\n\n<p><strong>Helvetios<\/strong>&nbsp;<br>Correo electr\u00f3nico: <a href=\"mailto:helvetios@helvetios.com\" target=\"_blank\" rel=\"noreferrer noopener\">helvetios@helvetios.com<\/a> &nbsp;<br>Tel\u00e9fono: +44 2045773053&nbsp;<br>P\u00e1gina web: <a href=\"https:\/\/helvetios.com\/es\/\" target=\"_blank\" rel=\"noreferrer noopener\">https:\/\/helvetios.com<\/a>&nbsp;<\/p>\n\n\n\n<p>Address: Unit 1102, 11\/F, 29 Austin Road, Tsim Sha Tsui, Kowloon, Hong Kong<\/p>\n\n\n\n<p><strong>Descargo de responsabilidad:<\/strong> Helvetios es una empresa privada de consultor\u00eda. No somos una autoridad gubernamental, oficina fiscal o bufete de abogados. Toda la informaci\u00f3n proporcionada en este sitio web es s\u00f3lo para orientaci\u00f3n general y no debe considerarse asesoramiento jur\u00eddico, fiscal o financiero. Para un asesoramiento adaptado a su situaci\u00f3n, consulte a un profesional autorizado.<\/p>\n\n\n\n<p><\/p>","protected":false},"excerpt":{"rendered":"<p>Helvetios Terms of Service Effective date: 16.09.2025&nbsp; Welcome to helvetios.com. \u00a0 These Terms of Service (\u201cTerms\u201d) explain how you can use our website and services. We keep them simple and straightforward so you know exactly what to expect. &nbsp; By using our website or working with us, you agree to these Terms.&nbsp; 1. What We [&hellip;]<\/p>\n","protected":false},"author":2,"featured_media":0,"parent":0,"menu_order":0,"comment_status":"closed","ping_status":"closed","template":"","meta":{"_acf_changed":false,"footnotes":""},"class_list":["post-3896","page","type-page","status-publish","hentry"],"acf":[],"_links":{"self":[{"href":"https:\/\/helvetios.com\/es\/wp-json\/wp\/v2\/pages\/3896","targetHints":{"allow":["GET"]}}],"collection":[{"href":"https:\/\/helvetios.com\/es\/wp-json\/wp\/v2\/pages"}],"about":[{"href":"https:\/\/helvetios.com\/es\/wp-json\/wp\/v2\/types\/page"}],"author":[{"embeddable":true,"href":"https:\/\/helvetios.com\/es\/wp-json\/wp\/v2\/users\/2"}],"replies":[{"embeddable":true,"href":"https:\/\/helvetios.com\/es\/wp-json\/wp\/v2\/comments?post=3896"}],"version-history":[{"count":5,"href":"https:\/\/helvetios.com\/es\/wp-json\/wp\/v2\/pages\/3896\/revisions"}],"predecessor-version":[{"id":5511,"href":"https:\/\/helvetios.com\/es\/wp-json\/wp\/v2\/pages\/3896\/revisions\/5511"}],"wp:attachment":[{"href":"https:\/\/helvetios.com\/es\/wp-json\/wp\/v2\/media?parent=3896"}],"curies":[{"name":"wp","href":"https:\/\/api.w.org\/{rel}","templated":true}]}}